{"id":753,"date":"2025-02-18T17:31:30","date_gmt":"2025-02-18T16:31:30","guid":{"rendered":"https:\/\/sarahho.fr\/?page_id=753"},"modified":"2025-02-18T17:31:30","modified_gmt":"2025-02-18T16:31:30","slug":"faire-tapis","status":"publish","type":"page","link":"https:\/\/sarahho.fr\/index.php\/faire-tapis\/","title":{"rendered":"Faire tapis"},"content":{"rendered":"\n<div class=\"wp-block-media-text alignwide is-stacked-on-mobile is-vertically-aligned-top\" style=\"grid-template-columns:37% auto\"><figure class=\"wp-block-media-text__media\"><img loading=\"lazy\" decoding=\"async\" width=\"683\" height=\"1024\" src=\"http:\/\/sarahho.fr\/wp-content\/uploads\/2025\/02\/Faire-tapis_edition-683x1024.jpg\" alt=\"\" class=\"wp-image-755 size-full\" srcset=\"https:\/\/sarahho.fr\/wp-content\/uploads\/2025\/02\/Faire-tapis_edition-683x1024.jpg 683w, https:\/\/sarahho.fr\/wp-content\/uploads\/2025\/02\/Faire-tapis_edition-200x300.jpg 200w, https:\/\/sarahho.fr\/wp-content\/uploads\/2025\/02\/Faire-tapis_edition-768x1152.jpg 768w, https:\/\/sarahho.fr\/wp-content\/uploads\/2025\/02\/Faire-tapis_edition-1024x1536.jpg 1024w, https:\/\/sarahho.fr\/wp-content\/uploads\/2025\/02\/Faire-tapis_edition-1365x2048.jpg 1365w, https:\/\/sarahho.fr\/wp-content\/uploads\/2025\/02\/Faire-tapis_edition-600x900.jpg 600w, https:\/\/sarahho.fr\/wp-content\/uploads\/2025\/02\/Faire-tapis_edition-scaled.jpg 1707w\" sizes=\"auto, (max-width: 683px) 100vw, 683px\" \/><\/figure><div class=\"wp-block-media-text__content\">\n<p class=\"has-medium-font-size\">Le tapis, \u00e0 la fois objet tiss\u00e9 et objet de convivialit\u00e9, se situe \u00e0 la lisi\u00e8re entre une pratique du tissage et une d\u00e9marche en design. Ayant l\u2019intuition qu\u2019il y avait l\u00e0<br>un point de contact, j\u2019ai souhait\u00e9 approfondir un travail de recherche \u00e0 partir du tapis dans le cadre du Master Design<br>Transdisciplinaire, Cultures et Territoires.<br>Ce m\u00e9moire restitue les explorations amorc\u00e9es en 2016 dont le cheminement a \u00e9t\u00e9 guid\u00e9 par des lectures et par <em>le faire<\/em>, par des rencontres personnelles et professionnelles.<br>Une exp\u00e9rience en r\u00e9sidence ainsi qu\u2019un stage ont rendu possible l\u2019\u00e9laboration d\u2019une pens\u00e9e et d\u2019une production. L\u2019une et l\u2019autre sont inextricables et absolument li\u00e9es \u00e0 ces exp\u00e9riences.<\/p>\n\n\n\n<p><\/p>\n<\/div><\/div>\n\n\n\n<figure class=\"wp-block-gallery alignleft has-nested-images columns-3 is-cropped wp-block-gallery-1 is-layout-flex wp-block-gallery-is-layout-flex\">\n<figure data-wp-context=\"{&quot;imageId&quot;:&quot;69e445a5316a5&quot;}\" data-wp-interactive=\"core\/image\" class=\"wp-block-image alignleft size-large wp-lightbox-container\"><img loading=\"lazy\" decoding=\"async\" width=\"1024\" height=\"683\" data-wp-class--hide=\"state.isContentHidden\" data-wp-class--show=\"state.isContentVisible\" data-wp-init=\"callbacks.setButtonStyles\" data-wp-on-async--click=\"actions.showLightbox\" data-wp-on-async--load=\"callbacks.setButtonStyles\" data-wp-on-async-window--resize=\"callbacks.setButtonStyles\" data-id=\"762\" src=\"https:\/\/sarahho.fr\/wp-content\/uploads\/2025\/02\/shooting_tapis_21-1024x683.jpg\" alt=\"\" class=\"wp-image-762\" srcset=\"https:\/\/sarahho.fr\/wp-content\/uploads\/2025\/02\/shooting_tapis_21-1024x683.jpg 1024w, https:\/\/sarahho.fr\/wp-content\/uploads\/2025\/02\/shooting_tapis_21-300x200.jpg 300w, https:\/\/sarahho.fr\/wp-content\/uploads\/2025\/02\/shooting_tapis_21-768x512.jpg 768w, https:\/\/sarahho.fr\/wp-content\/uploads\/2025\/02\/shooting_tapis_21-1536x1024.jpg 1536w, https:\/\/sarahho.fr\/wp-content\/uploads\/2025\/02\/shooting_tapis_21-2048x1365.jpg 2048w, https:\/\/sarahho.fr\/wp-content\/uploads\/2025\/02\/shooting_tapis_21-600x400.jpg 600w\" sizes=\"auto, (max-width: 1024px) 100vw, 1024px\" \/><button\n\t\t\tclass=\"lightbox-trigger\"\n\t\t\ttype=\"button\"\n\t\t\taria-haspopup=\"dialog\"\n\t\t\taria-label=\"Agrandir l\u2018image\"\n\t\t\tdata-wp-init=\"callbacks.initTriggerButton\"\n\t\t\tdata-wp-on-async--click=\"actions.showLightbox\"\n\t\t\tdata-wp-style--right=\"state.imageButtonRight\"\n\t\t\tdata-wp-style--top=\"state.imageButtonTop\"\n\t\t>\n\t\t\t<svg xmlns=\"http:\/\/www.w3.org\/2000\/svg\" width=\"12\" height=\"12\" fill=\"none\" viewBox=\"0 0 12 12\">\n\t\t\t\t<path fill=\"#fff\" d=\"M2 0a2 2 0 0 0-2 2v2h1.5V2a.5.5 0 0 1 .5-.5h2V0H2Zm2 10.5H2a.5.5 0 0 1-.5-.5V8H0v2a2 2 0 0 0 2 2h2v-1.5ZM8 12v-1.5h2a.5.5 0 0 0 .5-.5V8H12v2a2 2 0 0 1-2 2H8Zm2-12a2 2 0 0 1 2 2v2h-1.5V2a.5.5 0 0 0-.5-.5H8V0h2Z\" \/>\n\t\t\t<\/svg>\n\t\t<\/button><\/figure>\n\n\n\n<figure data-wp-context=\"{&quot;imageId&quot;:&quot;69e445a531a7f&quot;}\" data-wp-interactive=\"core\/image\" class=\"wp-block-image size-large wp-lightbox-container\"><img loading=\"lazy\" decoding=\"async\" width=\"683\" height=\"1024\" data-wp-class--hide=\"state.isContentHidden\" data-wp-class--show=\"state.isContentVisible\" data-wp-init=\"callbacks.setButtonStyles\" data-wp-on-async--click=\"actions.showLightbox\" data-wp-on-async--load=\"callbacks.setButtonStyles\" data-wp-on-async-window--resize=\"callbacks.setButtonStyles\" data-id=\"763\" src=\"https:\/\/sarahho.fr\/wp-content\/uploads\/2025\/02\/shooting_tapis_26-683x1024.jpg\" alt=\"\" class=\"wp-image-763\" srcset=\"https:\/\/sarahho.fr\/wp-content\/uploads\/2025\/02\/shooting_tapis_26-683x1024.jpg 683w, https:\/\/sarahho.fr\/wp-content\/uploads\/2025\/02\/shooting_tapis_26-200x300.jpg 200w, https:\/\/sarahho.fr\/wp-content\/uploads\/2025\/02\/shooting_tapis_26-768x1152.jpg 768w, https:\/\/sarahho.fr\/wp-content\/uploads\/2025\/02\/shooting_tapis_26-1024x1536.jpg 1024w, https:\/\/sarahho.fr\/wp-content\/uploads\/2025\/02\/shooting_tapis_26-1365x2048.jpg 1365w, https:\/\/sarahho.fr\/wp-content\/uploads\/2025\/02\/shooting_tapis_26-600x900.jpg 600w, https:\/\/sarahho.fr\/wp-content\/uploads\/2025\/02\/shooting_tapis_26-scaled.jpg 1707w\" sizes=\"auto, (max-width: 683px) 100vw, 683px\" \/><button\n\t\t\tclass=\"lightbox-trigger\"\n\t\t\ttype=\"button\"\n\t\t\taria-haspopup=\"dialog\"\n\t\t\taria-label=\"Agrandir l\u2018image\"\n\t\t\tdata-wp-init=\"callbacks.initTriggerButton\"\n\t\t\tdata-wp-on-async--click=\"actions.showLightbox\"\n\t\t\tdata-wp-style--right=\"state.imageButtonRight\"\n\t\t\tdata-wp-style--top=\"state.imageButtonTop\"\n\t\t>\n\t\t\t<svg xmlns=\"http:\/\/www.w3.org\/2000\/svg\" width=\"12\" height=\"12\" fill=\"none\" viewBox=\"0 0 12 12\">\n\t\t\t\t<path fill=\"#fff\" d=\"M2 0a2 2 0 0 0-2 2v2h1.5V2a.5.5 0 0 1 .5-.5h2V0H2Zm2 10.5H2a.5.5 0 0 1-.5-.5V8H0v2a2 2 0 0 0 2 2h2v-1.5ZM8 12v-1.5h2a.5.5 0 0 0 .5-.5V8H12v2a2 2 0 0 1-2 2H8Zm2-12a2 2 0 0 1 2 2v2h-1.5V2a.5.5 0 0 0-.5-.5H8V0h2Z\" \/>\n\t\t\t<\/svg>\n\t\t<\/button><\/figure>\n\n\n\n<figure data-wp-context=\"{&quot;imageId&quot;:&quot;69e445a531e13&quot;}\" data-wp-interactive=\"core\/image\" class=\"wp-block-image size-large wp-lightbox-container\"><img loading=\"lazy\" decoding=\"async\" width=\"1024\" height=\"683\" data-wp-class--hide=\"state.isContentHidden\" data-wp-class--show=\"state.isContentVisible\" data-wp-init=\"callbacks.setButtonStyles\" data-wp-on-async--click=\"actions.showLightbox\" data-wp-on-async--load=\"callbacks.setButtonStyles\" data-wp-on-async-window--resize=\"callbacks.setButtonStyles\" data-id=\"761\" src=\"https:\/\/sarahho.fr\/wp-content\/uploads\/2025\/02\/shooting_tapis_16-1024x683.jpg\" alt=\"\" class=\"wp-image-761\" srcset=\"https:\/\/sarahho.fr\/wp-content\/uploads\/2025\/02\/shooting_tapis_16-1024x683.jpg 1024w, https:\/\/sarahho.fr\/wp-content\/uploads\/2025\/02\/shooting_tapis_16-300x200.jpg 300w, https:\/\/sarahho.fr\/wp-content\/uploads\/2025\/02\/shooting_tapis_16-768x512.jpg 768w, https:\/\/sarahho.fr\/wp-content\/uploads\/2025\/02\/shooting_tapis_16-1536x1024.jpg 1536w, https:\/\/sarahho.fr\/wp-content\/uploads\/2025\/02\/shooting_tapis_16-2048x1365.jpg 2048w, https:\/\/sarahho.fr\/wp-content\/uploads\/2025\/02\/shooting_tapis_16-600x400.jpg 600w\" sizes=\"auto, (max-width: 1024px) 100vw, 1024px\" \/><button\n\t\t\tclass=\"lightbox-trigger\"\n\t\t\ttype=\"button\"\n\t\t\taria-haspopup=\"dialog\"\n\t\t\taria-label=\"Agrandir l\u2018image\"\n\t\t\tdata-wp-init=\"callbacks.initTriggerButton\"\n\t\t\tdata-wp-on-async--click=\"actions.showLightbox\"\n\t\t\tdata-wp-style--right=\"state.imageButtonRight\"\n\t\t\tdata-wp-style--top=\"state.imageButtonTop\"\n\t\t>\n\t\t\t<svg xmlns=\"http:\/\/www.w3.org\/2000\/svg\" width=\"12\" height=\"12\" fill=\"none\" viewBox=\"0 0 12 12\">\n\t\t\t\t<path fill=\"#fff\" d=\"M2 0a2 2 0 0 0-2 2v2h1.5V2a.5.5 0 0 1 .5-.5h2V0H2Zm2 10.5H2a.5.5 0 0 1-.5-.5V8H0v2a2 2 0 0 0 2 2h2v-1.5ZM8 12v-1.5h2a.5.5 0 0 0 .5-.5V8H12v2a2 2 0 0 1-2 2H8Zm2-12a2 2 0 0 1 2 2v2h-1.5V2a.5.5 0 0 0-.5-.5H8V0h2Z\" \/>\n\t\t\t<\/svg>\n\t\t<\/button><\/figure>\n\n\n\n<figure data-wp-context=\"{&quot;imageId&quot;:&quot;69e445a5321c1&quot;}\" data-wp-interactive=\"core\/image\" class=\"wp-block-image size-large wp-lightbox-container\"><img loading=\"lazy\" decoding=\"async\" width=\"1024\" height=\"683\" data-wp-class--hide=\"state.isContentHidden\" data-wp-class--show=\"state.isContentVisible\" data-wp-init=\"callbacks.setButtonStyles\" data-wp-on-async--click=\"actions.showLightbox\" data-wp-on-async--load=\"callbacks.setButtonStyles\" data-wp-on-async-window--resize=\"callbacks.setButtonStyles\" data-id=\"760\" src=\"https:\/\/sarahho.fr\/wp-content\/uploads\/2025\/02\/shooting_tapis_15-1024x683.jpg\" alt=\"\" class=\"wp-image-760\" srcset=\"https:\/\/sarahho.fr\/wp-content\/uploads\/2025\/02\/shooting_tapis_15-1024x683.jpg 1024w, https:\/\/sarahho.fr\/wp-content\/uploads\/2025\/02\/shooting_tapis_15-300x200.jpg 300w, https:\/\/sarahho.fr\/wp-content\/uploads\/2025\/02\/shooting_tapis_15-768x512.jpg 768w, https:\/\/sarahho.fr\/wp-content\/uploads\/2025\/02\/shooting_tapis_15-1536x1024.jpg 1536w, https:\/\/sarahho.fr\/wp-content\/uploads\/2025\/02\/shooting_tapis_15-2048x1365.jpg 2048w, https:\/\/sarahho.fr\/wp-content\/uploads\/2025\/02\/shooting_tapis_15-600x400.jpg 600w\" sizes=\"auto, (max-width: 1024px) 100vw, 1024px\" \/><button\n\t\t\tclass=\"lightbox-trigger\"\n\t\t\ttype=\"button\"\n\t\t\taria-haspopup=\"dialog\"\n\t\t\taria-label=\"Agrandir l\u2018image\"\n\t\t\tdata-wp-init=\"callbacks.initTriggerButton\"\n\t\t\tdata-wp-on-async--click=\"actions.showLightbox\"\n\t\t\tdata-wp-style--right=\"state.imageButtonRight\"\n\t\t\tdata-wp-style--top=\"state.imageButtonTop\"\n\t\t>\n\t\t\t<svg xmlns=\"http:\/\/www.w3.org\/2000\/svg\" width=\"12\" height=\"12\" fill=\"none\" viewBox=\"0 0 12 12\">\n\t\t\t\t<path fill=\"#fff\" d=\"M2 0a2 2 0 0 0-2 2v2h1.5V2a.5.5 0 0 1 .5-.5h2V0H2Zm2 10.5H2a.5.5 0 0 1-.5-.5V8H0v2a2 2 0 0 0 2 2h2v-1.5ZM8 12v-1.5h2a.5.5 0 0 0 .5-.5V8H12v2a2 2 0 0 1-2 2H8Zm2-12a2 2 0 0 1 2 2v2h-1.5V2a.5.5 0 0 0-.5-.5H8V0h2Z\" \/>\n\t\t\t<\/svg>\n\t\t<\/button><\/figure>\n\n\n\n<figure data-wp-context=\"{&quot;imageId&quot;:&quot;69e445a5324f7&quot;}\" data-wp-interactive=\"core\/image\" class=\"wp-block-image size-large wp-lightbox-container\"><img loading=\"lazy\" decoding=\"async\" width=\"1024\" height=\"683\" data-wp-class--hide=\"state.isContentHidden\" data-wp-class--show=\"state.isContentVisible\" data-wp-init=\"callbacks.setButtonStyles\" data-wp-on-async--click=\"actions.showLightbox\" data-wp-on-async--load=\"callbacks.setButtonStyles\" data-wp-on-async-window--resize=\"callbacks.setButtonStyles\" data-id=\"759\" src=\"https:\/\/sarahho.fr\/wp-content\/uploads\/2025\/02\/shooting_tapis_11-1024x683.jpg\" alt=\"\" class=\"wp-image-759\" srcset=\"https:\/\/sarahho.fr\/wp-content\/uploads\/2025\/02\/shooting_tapis_11-1024x683.jpg 1024w, https:\/\/sarahho.fr\/wp-content\/uploads\/2025\/02\/shooting_tapis_11-300x200.jpg 300w, https:\/\/sarahho.fr\/wp-content\/uploads\/2025\/02\/shooting_tapis_11-768x512.jpg 768w, https:\/\/sarahho.fr\/wp-content\/uploads\/2025\/02\/shooting_tapis_11-1536x1024.jpg 1536w, https:\/\/sarahho.fr\/wp-content\/uploads\/2025\/02\/shooting_tapis_11-2048x1365.jpg 2048w, https:\/\/sarahho.fr\/wp-content\/uploads\/2025\/02\/shooting_tapis_11-600x400.jpg 600w\" sizes=\"auto, (max-width: 1024px) 100vw, 1024px\" \/><button\n\t\t\tclass=\"lightbox-trigger\"\n\t\t\ttype=\"button\"\n\t\t\taria-haspopup=\"dialog\"\n\t\t\taria-label=\"Agrandir l\u2018image\"\n\t\t\tdata-wp-init=\"callbacks.initTriggerButton\"\n\t\t\tdata-wp-on-async--click=\"actions.showLightbox\"\n\t\t\tdata-wp-style--right=\"state.imageButtonRight\"\n\t\t\tdata-wp-style--top=\"state.imageButtonTop\"\n\t\t>\n\t\t\t<svg xmlns=\"http:\/\/www.w3.org\/2000\/svg\" width=\"12\" height=\"12\" fill=\"none\" viewBox=\"0 0 12 12\">\n\t\t\t\t<path fill=\"#fff\" d=\"M2 0a2 2 0 0 0-2 2v2h1.5V2a.5.5 0 0 1 .5-.5h2V0H2Zm2 10.5H2a.5.5 0 0 1-.5-.5V8H0v2a2 2 0 0 0 2 2h2v-1.5ZM8 12v-1.5h2a.5.5 0 0 0 .5-.5V8H12v2a2 2 0 0 1-2 2H8Zm2-12a2 2 0 0 1 2 2v2h-1.5V2a.5.5 0 0 0-.5-.5H8V0h2Z\" \/>\n\t\t\t<\/svg>\n\t\t<\/button><\/figure>\n\n\n\n<figure data-wp-context=\"{&quot;imageId&quot;:&quot;69e445a53281d&quot;}\" data-wp-interactive=\"core\/image\" class=\"wp-block-image size-large wp-lightbox-container\"><img loading=\"lazy\" decoding=\"async\" width=\"1024\" height=\"683\" data-wp-class--hide=\"state.isContentHidden\" data-wp-class--show=\"state.isContentVisible\" data-wp-init=\"callbacks.setButtonStyles\" data-wp-on-async--click=\"actions.showLightbox\" data-wp-on-async--load=\"callbacks.setButtonStyles\" data-wp-on-async-window--resize=\"callbacks.setButtonStyles\" data-id=\"758\" src=\"https:\/\/sarahho.fr\/wp-content\/uploads\/2025\/02\/shooting_tapis_9-1024x683.jpg\" alt=\"\" class=\"wp-image-758\" srcset=\"https:\/\/sarahho.fr\/wp-content\/uploads\/2025\/02\/shooting_tapis_9-1024x683.jpg 1024w, https:\/\/sarahho.fr\/wp-content\/uploads\/2025\/02\/shooting_tapis_9-300x200.jpg 300w, https:\/\/sarahho.fr\/wp-content\/uploads\/2025\/02\/shooting_tapis_9-768x512.jpg 768w, https:\/\/sarahho.fr\/wp-content\/uploads\/2025\/02\/shooting_tapis_9-1536x1024.jpg 1536w, https:\/\/sarahho.fr\/wp-content\/uploads\/2025\/02\/shooting_tapis_9-2048x1365.jpg 2048w, https:\/\/sarahho.fr\/wp-content\/uploads\/2025\/02\/shooting_tapis_9-600x400.jpg 600w\" sizes=\"auto, (max-width: 1024px) 100vw, 1024px\" \/><button\n\t\t\tclass=\"lightbox-trigger\"\n\t\t\ttype=\"button\"\n\t\t\taria-haspopup=\"dialog\"\n\t\t\taria-label=\"Agrandir l\u2018image\"\n\t\t\tdata-wp-init=\"callbacks.initTriggerButton\"\n\t\t\tdata-wp-on-async--click=\"actions.showLightbox\"\n\t\t\tdata-wp-style--right=\"state.imageButtonRight\"\n\t\t\tdata-wp-style--top=\"state.imageButtonTop\"\n\t\t>\n\t\t\t<svg xmlns=\"http:\/\/www.w3.org\/2000\/svg\" width=\"12\" height=\"12\" fill=\"none\" viewBox=\"0 0 12 12\">\n\t\t\t\t<path fill=\"#fff\" d=\"M2 0a2 2 0 0 0-2 2v2h1.5V2a.5.5 0 0 1 .5-.5h2V0H2Zm2 10.5H2a.5.5 0 0 1-.5-.5V8H0v2a2 2 0 0 0 2 2h2v-1.5ZM8 12v-1.5h2a.5.5 0 0 0 .5-.5V8H12v2a2 2 0 0 1-2 2H8Zm2-12a2 2 0 0 1 2 2v2h-1.5V2a.5.5 0 0 0-.5-.5H8V0h2Z\" \/>\n\t\t\t<\/svg>\n\t\t<\/button><\/figure>\n\n\n\n<figure data-wp-context=\"{&quot;imageId&quot;:&quot;69e445a532b21&quot;}\" data-wp-interactive=\"core\/image\" class=\"wp-block-image size-large wp-lightbox-container\"><img loading=\"lazy\" decoding=\"async\" width=\"1024\" height=\"683\" data-wp-class--hide=\"state.isContentHidden\" data-wp-class--show=\"state.isContentVisible\" data-wp-init=\"callbacks.setButtonStyles\" data-wp-on-async--click=\"actions.showLightbox\" data-wp-on-async--load=\"callbacks.setButtonStyles\" data-wp-on-async-window--resize=\"callbacks.setButtonStyles\" data-id=\"757\" src=\"https:\/\/sarahho.fr\/wp-content\/uploads\/2025\/02\/shooting_tapis_4-1024x683.jpg\" alt=\"\" class=\"wp-image-757\" srcset=\"https:\/\/sarahho.fr\/wp-content\/uploads\/2025\/02\/shooting_tapis_4-1024x683.jpg 1024w, https:\/\/sarahho.fr\/wp-content\/uploads\/2025\/02\/shooting_tapis_4-300x200.jpg 300w, https:\/\/sarahho.fr\/wp-content\/uploads\/2025\/02\/shooting_tapis_4-768x512.jpg 768w, https:\/\/sarahho.fr\/wp-content\/uploads\/2025\/02\/shooting_tapis_4-1536x1024.jpg 1536w, https:\/\/sarahho.fr\/wp-content\/uploads\/2025\/02\/shooting_tapis_4-2048x1365.jpg 2048w, https:\/\/sarahho.fr\/wp-content\/uploads\/2025\/02\/shooting_tapis_4-600x400.jpg 600w\" sizes=\"auto, (max-width: 1024px) 100vw, 1024px\" \/><button\n\t\t\tclass=\"lightbox-trigger\"\n\t\t\ttype=\"button\"\n\t\t\taria-haspopup=\"dialog\"\n\t\t\taria-label=\"Agrandir l\u2018image\"\n\t\t\tdata-wp-init=\"callbacks.initTriggerButton\"\n\t\t\tdata-wp-on-async--click=\"actions.showLightbox\"\n\t\t\tdata-wp-style--right=\"state.imageButtonRight\"\n\t\t\tdata-wp-style--top=\"state.imageButtonTop\"\n\t\t>\n\t\t\t<svg xmlns=\"http:\/\/www.w3.org\/2000\/svg\" width=\"12\" height=\"12\" fill=\"none\" viewBox=\"0 0 12 12\">\n\t\t\t\t<path fill=\"#fff\" d=\"M2 0a2 2 0 0 0-2 2v2h1.5V2a.5.5 0 0 1 .5-.5h2V0H2Zm2 10.5H2a.5.5 0 0 1-.5-.5V8H0v2a2 2 0 0 0 2 2h2v-1.5ZM8 12v-1.5h2a.5.5 0 0 0 .5-.5V8H12v2a2 2 0 0 1-2 2H8Zm2-12a2 2 0 0 1 2 2v2h-1.5V2a.5.5 0 0 0-.5-.5H8V0h2Z\" \/>\n\t\t\t<\/svg>\n\t\t<\/button><\/figure>\n\n\n\n<figure data-wp-context=\"{&quot;imageId&quot;:&quot;69e445a532e39&quot;}\" data-wp-interactive=\"core\/image\" class=\"wp-block-image size-large wp-lightbox-container\"><img loading=\"lazy\" decoding=\"async\" width=\"1024\" height=\"683\" data-wp-class--hide=\"state.isContentHidden\" data-wp-class--show=\"state.isContentVisible\" data-wp-init=\"callbacks.setButtonStyles\" data-wp-on-async--click=\"actions.showLightbox\" data-wp-on-async--load=\"callbacks.setButtonStyles\" data-wp-on-async-window--resize=\"callbacks.setButtonStyles\" data-id=\"756\" src=\"https:\/\/sarahho.fr\/wp-content\/uploads\/2025\/02\/shooting_tapis_1-1024x683.jpg\" alt=\"\" class=\"wp-image-756\" srcset=\"https:\/\/sarahho.fr\/wp-content\/uploads\/2025\/02\/shooting_tapis_1-1024x683.jpg 1024w, https:\/\/sarahho.fr\/wp-content\/uploads\/2025\/02\/shooting_tapis_1-300x200.jpg 300w, https:\/\/sarahho.fr\/wp-content\/uploads\/2025\/02\/shooting_tapis_1-768x512.jpg 768w, https:\/\/sarahho.fr\/wp-content\/uploads\/2025\/02\/shooting_tapis_1-1536x1024.jpg 1536w, https:\/\/sarahho.fr\/wp-content\/uploads\/2025\/02\/shooting_tapis_1-2048x1365.jpg 2048w, https:\/\/sarahho.fr\/wp-content\/uploads\/2025\/02\/shooting_tapis_1-600x400.jpg 600w\" sizes=\"auto, (max-width: 1024px) 100vw, 1024px\" \/><button\n\t\t\tclass=\"lightbox-trigger\"\n\t\t\ttype=\"button\"\n\t\t\taria-haspopup=\"dialog\"\n\t\t\taria-label=\"Agrandir l\u2018image\"\n\t\t\tdata-wp-init=\"callbacks.initTriggerButton\"\n\t\t\tdata-wp-on-async--click=\"actions.showLightbox\"\n\t\t\tdata-wp-style--right=\"state.imageButtonRight\"\n\t\t\tdata-wp-style--top=\"state.imageButtonTop\"\n\t\t>\n\t\t\t<svg xmlns=\"http:\/\/www.w3.org\/2000\/svg\" width=\"12\" height=\"12\" fill=\"none\" viewBox=\"0 0 12 12\">\n\t\t\t\t<path fill=\"#fff\" d=\"M2 0a2 2 0 0 0-2 2v2h1.5V2a.5.5 0 0 1 .5-.5h2V0H2Zm2 10.5H2a.5.5 0 0 1-.5-.5V8H0v2a2 2 0 0 0 2 2h2v-1.5ZM8 12v-1.5h2a.5.5 0 0 0 .5-.5V8H12v2a2 2 0 0 1-2 2H8Zm2-12a2 2 0 0 1 2 2v2h-1.5V2a.5.5 0 0 0-.5-.5H8V0h2Z\" \/>\n\t\t\t<\/svg>\n\t\t<\/button><\/figure>\n<\/figure>\n","protected":false},"excerpt":{"rendered":"<p>Le tapis, \u00e0 la fois objet tiss\u00e9 et objet de convivialit\u00e9, se situe \u00e0 la lisi\u00e8re entre une pratique du tissage et une d\u00e9marche en design. Ayant l\u2019intuition qu\u2019il y avait l\u00e0un point de contact, j\u2019ai souhait\u00e9 approfondir un travail de recherche \u00e0 partir du tapis dans le cadre du Master DesignTransdisciplinaire, Cultures et Territoires.Ce [&hellip;]<\/p>\n","protected":false},"author":1,"featured_media":0,"parent":0,"menu_order":0,"comment_status":"closed","ping_status":"closed","template":"","meta":{"footnotes":""},"class_list":["post-753","page","type-page","status-publish","hentry"],"_links":{"self":[{"href":"https:\/\/sarahho.fr\/index.php\/wp-json\/wp\/v2\/pages\/753","targetHints":{"allow":["GET"]}}],"collection":[{"href":"https:\/\/sarahho.fr\/index.php\/wp-json\/wp\/v2\/pages"}],"about":[{"href":"https:\/\/sarahho.fr\/index.php\/wp-json\/wp\/v2\/types\/page"}],"author":[{"embeddable":true,"href":"https:\/\/sarahho.fr\/index.php\/wp-json\/wp\/v2\/users\/1"}],"replies":[{"embeddable":true,"href":"https:\/\/sarahho.fr\/index.php\/wp-json\/wp\/v2\/comments?post=753"}],"version-history":[{"count":1,"href":"https:\/\/sarahho.fr\/index.php\/wp-json\/wp\/v2\/pages\/753\/revisions"}],"predecessor-version":[{"id":764,"href":"https:\/\/sarahho.fr\/index.php\/wp-json\/wp\/v2\/pages\/753\/revisions\/764"}],"wp:attachment":[{"href":"https:\/\/sarahho.fr\/index.php\/wp-json\/wp\/v2\/media?parent=753"}],"curies":[{"name":"wp","href":"https:\/\/api.w.org\/{rel}","templated":true}]}}