{"id":769,"date":"2025-02-18T17:43:19","date_gmt":"2025-02-18T16:43:19","guid":{"rendered":"https:\/\/sarahho.fr\/?page_id=769"},"modified":"2025-02-18T17:43:19","modified_gmt":"2025-02-18T16:43:19","slug":"tarot","status":"publish","type":"page","link":"https:\/\/sarahho.fr\/index.php\/tarot\/","title":{"rendered":"Tarot"},"content":{"rendered":"\n<div class=\"wp-block-media-text alignwide is-stacked-on-mobile is-vertically-aligned-top\" style=\"grid-template-columns:38% auto\"><figure class=\"wp-block-media-text__media\"><img loading=\"lazy\" decoding=\"async\" width=\"1024\" height=\"1024\" src=\"http:\/\/sarahho.fr\/wp-content\/uploads\/2023\/06\/POST_01_A-1024x1024.jpg\" alt=\"\" class=\"wp-image-431 size-full\" srcset=\"https:\/\/sarahho.fr\/wp-content\/uploads\/2023\/06\/POST_01_A-1024x1024.jpg 1024w, https:\/\/sarahho.fr\/wp-content\/uploads\/2023\/06\/POST_01_A-100x100.jpg 100w, https:\/\/sarahho.fr\/wp-content\/uploads\/2023\/06\/POST_01_A-600x600.jpg 600w, https:\/\/sarahho.fr\/wp-content\/uploads\/2023\/06\/POST_01_A-300x300.jpg 300w, https:\/\/sarahho.fr\/wp-content\/uploads\/2023\/06\/POST_01_A-150x150.jpg 150w, https:\/\/sarahho.fr\/wp-content\/uploads\/2023\/06\/POST_01_A-768x768.jpg 768w, https:\/\/sarahho.fr\/wp-content\/uploads\/2023\/06\/POST_01_A.jpg 1080w\" sizes=\"auto, (max-width: 1024px) 100vw, 1024px\" \/><\/figure><div class=\"wp-block-media-text__content\">\n<p>Les jeux de cartes ont une chose en commun avec les tapis: ils n\u2019ont pas de sens de lecture. Ce portfolio con\u00e7u par l&rsquo;<a href=\"https:\/\/santoslemarchand.com\/projets\/sarah-ho-portfolio\">atelier Santos Lemarchand<\/a>, pr\u00e9sente des pi\u00e8ces sous forme de cartes \u00e0 jouer \u2660\u2665\u2666\u2663 Ce format \u2014 qui tient \u00e0 la fois dans la main, et se d\u00e9ploie aussi bien dans l&rsquo;espace \u2014 permet une grande maniabilit\u00e9 en fonction des contextes. Chaque carte pr\u00e9sente un d\u00e9tail en couleur au recto, et une vue d\u2019ensemble en noir et blanc au verso. Les images sont mises en sc\u00e8ne pour une lecture non-lin\u00e9aire : les projets sont \u00e0 m\u00e9langer, rassembler, trier, tirer au hasard ou faire passer de main en main&#8230;<\/p>\n<\/div><\/div>\n\n\n\n<figure class=\"wp-block-gallery alignleft has-nested-images columns-4 is-cropped wp-block-gallery-1 is-layout-flex wp-block-gallery-is-layout-flex\">\n<figure data-wp-context=\"{&quot;imageId&quot;:&quot;69e448be94ce7&quot;}\" data-wp-interactive=\"core\/image\" class=\"wp-block-image alignleft size-large wp-lightbox-container\"><img loading=\"lazy\" decoding=\"async\" width=\"1024\" height=\"1024\" data-wp-class--hide=\"state.isContentHidden\" data-wp-class--show=\"state.isContentVisible\" data-wp-init=\"callbacks.setButtonStyles\" data-wp-on-async--click=\"actions.showLightbox\" data-wp-on-async--load=\"callbacks.setButtonStyles\" data-wp-on-async-window--resize=\"callbacks.setButtonStyles\" data-id=\"770\" src=\"https:\/\/sarahho.fr\/wp-content\/uploads\/2025\/02\/POST_01_B-1024x1024.jpg\" alt=\"\" class=\"wp-image-770\" srcset=\"https:\/\/sarahho.fr\/wp-content\/uploads\/2025\/02\/POST_01_B-1024x1024.jpg 1024w, https:\/\/sarahho.fr\/wp-content\/uploads\/2025\/02\/POST_01_B-300x300.jpg 300w, https:\/\/sarahho.fr\/wp-content\/uploads\/2025\/02\/POST_01_B-150x150.jpg 150w, https:\/\/sarahho.fr\/wp-content\/uploads\/2025\/02\/POST_01_B-768x768.jpg 768w, https:\/\/sarahho.fr\/wp-content\/uploads\/2025\/02\/POST_01_B-600x600.jpg 600w, https:\/\/sarahho.fr\/wp-content\/uploads\/2025\/02\/POST_01_B-100x100.jpg 100w, https:\/\/sarahho.fr\/wp-content\/uploads\/2025\/02\/POST_01_B.jpg 1080w\" sizes=\"auto, (max-width: 1024px) 100vw, 1024px\" \/><button\n\t\t\tclass=\"lightbox-trigger\"\n\t\t\ttype=\"button\"\n\t\t\taria-haspopup=\"dialog\"\n\t\t\taria-label=\"Agrandir l\u2018image\"\n\t\t\tdata-wp-init=\"callbacks.initTriggerButton\"\n\t\t\tdata-wp-on-async--click=\"actions.showLightbox\"\n\t\t\tdata-wp-style--right=\"state.imageButtonRight\"\n\t\t\tdata-wp-style--top=\"state.imageButtonTop\"\n\t\t>\n\t\t\t<svg xmlns=\"http:\/\/www.w3.org\/2000\/svg\" width=\"12\" height=\"12\" fill=\"none\" viewBox=\"0 0 12 12\">\n\t\t\t\t<path fill=\"#fff\" d=\"M2 0a2 2 0 0 0-2 2v2h1.5V2a.5.5 0 0 1 .5-.5h2V0H2Zm2 10.5H2a.5.5 0 0 1-.5-.5V8H0v2a2 2 0 0 0 2 2h2v-1.5ZM8 12v-1.5h2a.5.5 0 0 0 .5-.5V8H12v2a2 2 0 0 1-2 2H8Zm2-12a2 2 0 0 1 2 2v2h-1.5V2a.5.5 0 0 0-.5-.5H8V0h2Z\" \/>\n\t\t\t<\/svg>\n\t\t<\/button><\/figure>\n\n\n\n<figure data-wp-context=\"{&quot;imageId&quot;:&quot;69e448be9526a&quot;}\" data-wp-interactive=\"core\/image\" class=\"wp-block-image size-large wp-lightbox-container\"><img loading=\"lazy\" decoding=\"async\" width=\"1024\" height=\"1024\" data-wp-class--hide=\"state.isContentHidden\" data-wp-class--show=\"state.isContentVisible\" data-wp-init=\"callbacks.setButtonStyles\" data-wp-on-async--click=\"actions.showLightbox\" data-wp-on-async--load=\"callbacks.setButtonStyles\" data-wp-on-async-window--resize=\"callbacks.setButtonStyles\" data-id=\"771\" src=\"https:\/\/sarahho.fr\/wp-content\/uploads\/2025\/02\/POST_01_C-1024x1024.jpg\" alt=\"\" class=\"wp-image-771\" srcset=\"https:\/\/sarahho.fr\/wp-content\/uploads\/2025\/02\/POST_01_C-1024x1024.jpg 1024w, https:\/\/sarahho.fr\/wp-content\/uploads\/2025\/02\/POST_01_C-300x300.jpg 300w, https:\/\/sarahho.fr\/wp-content\/uploads\/2025\/02\/POST_01_C-150x150.jpg 150w, https:\/\/sarahho.fr\/wp-content\/uploads\/2025\/02\/POST_01_C-768x768.jpg 768w, https:\/\/sarahho.fr\/wp-content\/uploads\/2025\/02\/POST_01_C-600x600.jpg 600w, https:\/\/sarahho.fr\/wp-content\/uploads\/2025\/02\/POST_01_C-100x100.jpg 100w, https:\/\/sarahho.fr\/wp-content\/uploads\/2025\/02\/POST_01_C.jpg 1080w\" sizes=\"auto, (max-width: 1024px) 100vw, 1024px\" \/><button\n\t\t\tclass=\"lightbox-trigger\"\n\t\t\ttype=\"button\"\n\t\t\taria-haspopup=\"dialog\"\n\t\t\taria-label=\"Agrandir l\u2018image\"\n\t\t\tdata-wp-init=\"callbacks.initTriggerButton\"\n\t\t\tdata-wp-on-async--click=\"actions.showLightbox\"\n\t\t\tdata-wp-style--right=\"state.imageButtonRight\"\n\t\t\tdata-wp-style--top=\"state.imageButtonTop\"\n\t\t>\n\t\t\t<svg xmlns=\"http:\/\/www.w3.org\/2000\/svg\" width=\"12\" height=\"12\" fill=\"none\" viewBox=\"0 0 12 12\">\n\t\t\t\t<path fill=\"#fff\" d=\"M2 0a2 2 0 0 0-2 2v2h1.5V2a.5.5 0 0 1 .5-.5h2V0H2Zm2 10.5H2a.5.5 0 0 1-.5-.5V8H0v2a2 2 0 0 0 2 2h2v-1.5ZM8 12v-1.5h2a.5.5 0 0 0 .5-.5V8H12v2a2 2 0 0 1-2 2H8Zm2-12a2 2 0 0 1 2 2v2h-1.5V2a.5.5 0 0 0-.5-.5H8V0h2Z\" \/>\n\t\t\t<\/svg>\n\t\t<\/button><\/figure>\n\n\n\n<figure data-wp-context=\"{&quot;imageId&quot;:&quot;69e448be95701&quot;}\" data-wp-interactive=\"core\/image\" class=\"wp-block-image size-large wp-lightbox-container\"><img loading=\"lazy\" decoding=\"async\" width=\"1024\" height=\"1024\" data-wp-class--hide=\"state.isContentHidden\" data-wp-class--show=\"state.isContentVisible\" data-wp-init=\"callbacks.setButtonStyles\" data-wp-on-async--click=\"actions.showLightbox\" data-wp-on-async--load=\"callbacks.setButtonStyles\" data-wp-on-async-window--resize=\"callbacks.setButtonStyles\" data-id=\"772\" src=\"https:\/\/sarahho.fr\/wp-content\/uploads\/2025\/02\/POST_01_D-1024x1024.jpg\" alt=\"\" class=\"wp-image-772\" srcset=\"https:\/\/sarahho.fr\/wp-content\/uploads\/2025\/02\/POST_01_D-1024x1024.jpg 1024w, https:\/\/sarahho.fr\/wp-content\/uploads\/2025\/02\/POST_01_D-300x300.jpg 300w, https:\/\/sarahho.fr\/wp-content\/uploads\/2025\/02\/POST_01_D-150x150.jpg 150w, https:\/\/sarahho.fr\/wp-content\/uploads\/2025\/02\/POST_01_D-768x768.jpg 768w, https:\/\/sarahho.fr\/wp-content\/uploads\/2025\/02\/POST_01_D-600x600.jpg 600w, https:\/\/sarahho.fr\/wp-content\/uploads\/2025\/02\/POST_01_D-100x100.jpg 100w, https:\/\/sarahho.fr\/wp-content\/uploads\/2025\/02\/POST_01_D.jpg 1080w\" sizes=\"auto, (max-width: 1024px) 100vw, 1024px\" \/><button\n\t\t\tclass=\"lightbox-trigger\"\n\t\t\ttype=\"button\"\n\t\t\taria-haspopup=\"dialog\"\n\t\t\taria-label=\"Agrandir l\u2018image\"\n\t\t\tdata-wp-init=\"callbacks.initTriggerButton\"\n\t\t\tdata-wp-on-async--click=\"actions.showLightbox\"\n\t\t\tdata-wp-style--right=\"state.imageButtonRight\"\n\t\t\tdata-wp-style--top=\"state.imageButtonTop\"\n\t\t>\n\t\t\t<svg xmlns=\"http:\/\/www.w3.org\/2000\/svg\" width=\"12\" height=\"12\" fill=\"none\" viewBox=\"0 0 12 12\">\n\t\t\t\t<path fill=\"#fff\" d=\"M2 0a2 2 0 0 0-2 2v2h1.5V2a.5.5 0 0 1 .5-.5h2V0H2Zm2 10.5H2a.5.5 0 0 1-.5-.5V8H0v2a2 2 0 0 0 2 2h2v-1.5ZM8 12v-1.5h2a.5.5 0 0 0 .5-.5V8H12v2a2 2 0 0 1-2 2H8Zm2-12a2 2 0 0 1 2 2v2h-1.5V2a.5.5 0 0 0-.5-.5H8V0h2Z\" \/>\n\t\t\t<\/svg>\n\t\t<\/button><\/figure>\n\n\n\n<figure data-wp-context=\"{&quot;imageId&quot;:&quot;69e448be95bd0&quot;}\" data-wp-interactive=\"core\/image\" class=\"wp-block-image size-large wp-lightbox-container\"><img loading=\"lazy\" decoding=\"async\" width=\"1024\" height=\"1024\" data-wp-class--hide=\"state.isContentHidden\" data-wp-class--show=\"state.isContentVisible\" data-wp-init=\"callbacks.setButtonStyles\" data-wp-on-async--click=\"actions.showLightbox\" data-wp-on-async--load=\"callbacks.setButtonStyles\" data-wp-on-async-window--resize=\"callbacks.setButtonStyles\" data-id=\"773\" src=\"https:\/\/sarahho.fr\/wp-content\/uploads\/2025\/02\/POST_02_A-1024x1024.jpg\" alt=\"\" class=\"wp-image-773\" srcset=\"https:\/\/sarahho.fr\/wp-content\/uploads\/2025\/02\/POST_02_A-1024x1024.jpg 1024w, https:\/\/sarahho.fr\/wp-content\/uploads\/2025\/02\/POST_02_A-300x300.jpg 300w, https:\/\/sarahho.fr\/wp-content\/uploads\/2025\/02\/POST_02_A-150x150.jpg 150w, https:\/\/sarahho.fr\/wp-content\/uploads\/2025\/02\/POST_02_A-768x768.jpg 768w, https:\/\/sarahho.fr\/wp-content\/uploads\/2025\/02\/POST_02_A-600x600.jpg 600w, https:\/\/sarahho.fr\/wp-content\/uploads\/2025\/02\/POST_02_A-100x100.jpg 100w, https:\/\/sarahho.fr\/wp-content\/uploads\/2025\/02\/POST_02_A.jpg 1080w\" sizes=\"auto, (max-width: 1024px) 100vw, 1024px\" \/><button\n\t\t\tclass=\"lightbox-trigger\"\n\t\t\ttype=\"button\"\n\t\t\taria-haspopup=\"dialog\"\n\t\t\taria-label=\"Agrandir l\u2018image\"\n\t\t\tdata-wp-init=\"callbacks.initTriggerButton\"\n\t\t\tdata-wp-on-async--click=\"actions.showLightbox\"\n\t\t\tdata-wp-style--right=\"state.imageButtonRight\"\n\t\t\tdata-wp-style--top=\"state.imageButtonTop\"\n\t\t>\n\t\t\t<svg xmlns=\"http:\/\/www.w3.org\/2000\/svg\" width=\"12\" height=\"12\" fill=\"none\" viewBox=\"0 0 12 12\">\n\t\t\t\t<path fill=\"#fff\" d=\"M2 0a2 2 0 0 0-2 2v2h1.5V2a.5.5 0 0 1 .5-.5h2V0H2Zm2 10.5H2a.5.5 0 0 1-.5-.5V8H0v2a2 2 0 0 0 2 2h2v-1.5ZM8 12v-1.5h2a.5.5 0 0 0 .5-.5V8H12v2a2 2 0 0 1-2 2H8Zm2-12a2 2 0 0 1 2 2v2h-1.5V2a.5.5 0 0 0-.5-.5H8V0h2Z\" \/>\n\t\t\t<\/svg>\n\t\t<\/button><\/figure>\n\n\n\n<figure data-wp-context=\"{&quot;imageId&quot;:&quot;69e448be960cc&quot;}\" data-wp-interactive=\"core\/image\" class=\"wp-block-image size-large wp-lightbox-container\"><img loading=\"lazy\" decoding=\"async\" width=\"1024\" height=\"1024\" data-wp-class--hide=\"state.isContentHidden\" data-wp-class--show=\"state.isContentVisible\" data-wp-init=\"callbacks.setButtonStyles\" data-wp-on-async--click=\"actions.showLightbox\" data-wp-on-async--load=\"callbacks.setButtonStyles\" data-wp-on-async-window--resize=\"callbacks.setButtonStyles\" data-id=\"774\" src=\"https:\/\/sarahho.fr\/wp-content\/uploads\/2025\/02\/POST_02_D-1024x1024.jpg\" alt=\"\" class=\"wp-image-774\" srcset=\"https:\/\/sarahho.fr\/wp-content\/uploads\/2025\/02\/POST_02_D-1024x1024.jpg 1024w, https:\/\/sarahho.fr\/wp-content\/uploads\/2025\/02\/POST_02_D-300x300.jpg 300w, https:\/\/sarahho.fr\/wp-content\/uploads\/2025\/02\/POST_02_D-150x150.jpg 150w, https:\/\/sarahho.fr\/wp-content\/uploads\/2025\/02\/POST_02_D-768x768.jpg 768w, https:\/\/sarahho.fr\/wp-content\/uploads\/2025\/02\/POST_02_D-600x600.jpg 600w, https:\/\/sarahho.fr\/wp-content\/uploads\/2025\/02\/POST_02_D-100x100.jpg 100w, https:\/\/sarahho.fr\/wp-content\/uploads\/2025\/02\/POST_02_D.jpg 1080w\" sizes=\"auto, (max-width: 1024px) 100vw, 1024px\" \/><button\n\t\t\tclass=\"lightbox-trigger\"\n\t\t\ttype=\"button\"\n\t\t\taria-haspopup=\"dialog\"\n\t\t\taria-label=\"Agrandir l\u2018image\"\n\t\t\tdata-wp-init=\"callbacks.initTriggerButton\"\n\t\t\tdata-wp-on-async--click=\"actions.showLightbox\"\n\t\t\tdata-wp-style--right=\"state.imageButtonRight\"\n\t\t\tdata-wp-style--top=\"state.imageButtonTop\"\n\t\t>\n\t\t\t<svg xmlns=\"http:\/\/www.w3.org\/2000\/svg\" width=\"12\" height=\"12\" fill=\"none\" viewBox=\"0 0 12 12\">\n\t\t\t\t<path fill=\"#fff\" d=\"M2 0a2 2 0 0 0-2 2v2h1.5V2a.5.5 0 0 1 .5-.5h2V0H2Zm2 10.5H2a.5.5 0 0 1-.5-.5V8H0v2a2 2 0 0 0 2 2h2v-1.5ZM8 12v-1.5h2a.5.5 0 0 0 .5-.5V8H12v2a2 2 0 0 1-2 2H8Zm2-12a2 2 0 0 1 2 2v2h-1.5V2a.5.5 0 0 0-.5-.5H8V0h2Z\" \/>\n\t\t\t<\/svg>\n\t\t<\/button><\/figure>\n\n\n\n<figure data-wp-context=\"{&quot;imageId&quot;:&quot;69e448be965ca&quot;}\" data-wp-interactive=\"core\/image\" class=\"wp-block-image size-large wp-lightbox-container\"><img loading=\"lazy\" decoding=\"async\" width=\"1024\" height=\"1024\" data-wp-class--hide=\"state.isContentHidden\" data-wp-class--show=\"state.isContentVisible\" data-wp-init=\"callbacks.setButtonStyles\" data-wp-on-async--click=\"actions.showLightbox\" data-wp-on-async--load=\"callbacks.setButtonStyles\" data-wp-on-async-window--resize=\"callbacks.setButtonStyles\" data-id=\"775\" src=\"https:\/\/sarahho.fr\/wp-content\/uploads\/2025\/02\/POST_03_01-1024x1024.jpg\" alt=\"\" class=\"wp-image-775\" srcset=\"https:\/\/sarahho.fr\/wp-content\/uploads\/2025\/02\/POST_03_01-1024x1024.jpg 1024w, https:\/\/sarahho.fr\/wp-content\/uploads\/2025\/02\/POST_03_01-300x300.jpg 300w, https:\/\/sarahho.fr\/wp-content\/uploads\/2025\/02\/POST_03_01-150x150.jpg 150w, https:\/\/sarahho.fr\/wp-content\/uploads\/2025\/02\/POST_03_01-768x768.jpg 768w, https:\/\/sarahho.fr\/wp-content\/uploads\/2025\/02\/POST_03_01-600x600.jpg 600w, https:\/\/sarahho.fr\/wp-content\/uploads\/2025\/02\/POST_03_01-100x100.jpg 100w, https:\/\/sarahho.fr\/wp-content\/uploads\/2025\/02\/POST_03_01.jpg 1080w\" sizes=\"auto, (max-width: 1024px) 100vw, 1024px\" \/><button\n\t\t\tclass=\"lightbox-trigger\"\n\t\t\ttype=\"button\"\n\t\t\taria-haspopup=\"dialog\"\n\t\t\taria-label=\"Agrandir l\u2018image\"\n\t\t\tdata-wp-init=\"callbacks.initTriggerButton\"\n\t\t\tdata-wp-on-async--click=\"actions.showLightbox\"\n\t\t\tdata-wp-style--right=\"state.imageButtonRight\"\n\t\t\tdata-wp-style--top=\"state.imageButtonTop\"\n\t\t>\n\t\t\t<svg xmlns=\"http:\/\/www.w3.org\/2000\/svg\" width=\"12\" height=\"12\" fill=\"none\" viewBox=\"0 0 12 12\">\n\t\t\t\t<path fill=\"#fff\" d=\"M2 0a2 2 0 0 0-2 2v2h1.5V2a.5.5 0 0 1 .5-.5h2V0H2Zm2 10.5H2a.5.5 0 0 1-.5-.5V8H0v2a2 2 0 0 0 2 2h2v-1.5ZM8 12v-1.5h2a.5.5 0 0 0 .5-.5V8H12v2a2 2 0 0 1-2 2H8Zm2-12a2 2 0 0 1 2 2v2h-1.5V2a.5.5 0 0 0-.5-.5H8V0h2Z\" \/>\n\t\t\t<\/svg>\n\t\t<\/button><\/figure>\n\n\n\n<figure data-wp-context=\"{&quot;imageId&quot;:&quot;69e448be96a61&quot;}\" data-wp-interactive=\"core\/image\" class=\"wp-block-image size-large wp-lightbox-container\"><img loading=\"lazy\" decoding=\"async\" width=\"1024\" height=\"1024\" data-wp-class--hide=\"state.isContentHidden\" data-wp-class--show=\"state.isContentVisible\" data-wp-init=\"callbacks.setButtonStyles\" data-wp-on-async--click=\"actions.showLightbox\" data-wp-on-async--load=\"callbacks.setButtonStyles\" data-wp-on-async-window--resize=\"callbacks.setButtonStyles\" data-id=\"776\" src=\"https:\/\/sarahho.fr\/wp-content\/uploads\/2025\/02\/POST_03_02-1024x1024.jpg\" alt=\"\" class=\"wp-image-776\" srcset=\"https:\/\/sarahho.fr\/wp-content\/uploads\/2025\/02\/POST_03_02-1024x1024.jpg 1024w, https:\/\/sarahho.fr\/wp-content\/uploads\/2025\/02\/POST_03_02-300x300.jpg 300w, https:\/\/sarahho.fr\/wp-content\/uploads\/2025\/02\/POST_03_02-150x150.jpg 150w, https:\/\/sarahho.fr\/wp-content\/uploads\/2025\/02\/POST_03_02-768x768.jpg 768w, https:\/\/sarahho.fr\/wp-content\/uploads\/2025\/02\/POST_03_02-600x600.jpg 600w, https:\/\/sarahho.fr\/wp-content\/uploads\/2025\/02\/POST_03_02-100x100.jpg 100w, https:\/\/sarahho.fr\/wp-content\/uploads\/2025\/02\/POST_03_02.jpg 1080w\" sizes=\"auto, (max-width: 1024px) 100vw, 1024px\" \/><button\n\t\t\tclass=\"lightbox-trigger\"\n\t\t\ttype=\"button\"\n\t\t\taria-haspopup=\"dialog\"\n\t\t\taria-label=\"Agrandir l\u2018image\"\n\t\t\tdata-wp-init=\"callbacks.initTriggerButton\"\n\t\t\tdata-wp-on-async--click=\"actions.showLightbox\"\n\t\t\tdata-wp-style--right=\"state.imageButtonRight\"\n\t\t\tdata-wp-style--top=\"state.imageButtonTop\"\n\t\t>\n\t\t\t<svg xmlns=\"http:\/\/www.w3.org\/2000\/svg\" width=\"12\" height=\"12\" fill=\"none\" viewBox=\"0 0 12 12\">\n\t\t\t\t<path fill=\"#fff\" d=\"M2 0a2 2 0 0 0-2 2v2h1.5V2a.5.5 0 0 1 .5-.5h2V0H2Zm2 10.5H2a.5.5 0 0 1-.5-.5V8H0v2a2 2 0 0 0 2 2h2v-1.5ZM8 12v-1.5h2a.5.5 0 0 0 .5-.5V8H12v2a2 2 0 0 1-2 2H8Zm2-12a2 2 0 0 1 2 2v2h-1.5V2a.5.5 0 0 0-.5-.5H8V0h2Z\" \/>\n\t\t\t<\/svg>\n\t\t<\/button><\/figure>\n\n\n\n<figure data-wp-context=\"{&quot;imageId&quot;:&quot;69e448be96ede&quot;}\" data-wp-interactive=\"core\/image\" class=\"wp-block-image size-large wp-lightbox-container\"><img loading=\"lazy\" decoding=\"async\" width=\"1024\" height=\"1024\" data-wp-class--hide=\"state.isContentHidden\" data-wp-class--show=\"state.isContentVisible\" data-wp-init=\"callbacks.setButtonStyles\" data-wp-on-async--click=\"actions.showLightbox\" data-wp-on-async--load=\"callbacks.setButtonStyles\" data-wp-on-async-window--resize=\"callbacks.setButtonStyles\" data-id=\"777\" src=\"https:\/\/sarahho.fr\/wp-content\/uploads\/2025\/02\/POST_03_04-1024x1024.jpg\" alt=\"\" class=\"wp-image-777\" srcset=\"https:\/\/sarahho.fr\/wp-content\/uploads\/2025\/02\/POST_03_04-1024x1024.jpg 1024w, https:\/\/sarahho.fr\/wp-content\/uploads\/2025\/02\/POST_03_04-300x300.jpg 300w, https:\/\/sarahho.fr\/wp-content\/uploads\/2025\/02\/POST_03_04-150x150.jpg 150w, https:\/\/sarahho.fr\/wp-content\/uploads\/2025\/02\/POST_03_04-768x768.jpg 768w, https:\/\/sarahho.fr\/wp-content\/uploads\/2025\/02\/POST_03_04-600x600.jpg 600w, https:\/\/sarahho.fr\/wp-content\/uploads\/2025\/02\/POST_03_04-100x100.jpg 100w, https:\/\/sarahho.fr\/wp-content\/uploads\/2025\/02\/POST_03_04.jpg 1080w\" sizes=\"auto, (max-width: 1024px) 100vw, 1024px\" \/><button\n\t\t\tclass=\"lightbox-trigger\"\n\t\t\ttype=\"button\"\n\t\t\taria-haspopup=\"dialog\"\n\t\t\taria-label=\"Agrandir l\u2018image\"\n\t\t\tdata-wp-init=\"callbacks.initTriggerButton\"\n\t\t\tdata-wp-on-async--click=\"actions.showLightbox\"\n\t\t\tdata-wp-style--right=\"state.imageButtonRight\"\n\t\t\tdata-wp-style--top=\"state.imageButtonTop\"\n\t\t>\n\t\t\t<svg xmlns=\"http:\/\/www.w3.org\/2000\/svg\" width=\"12\" height=\"12\" fill=\"none\" viewBox=\"0 0 12 12\">\n\t\t\t\t<path fill=\"#fff\" d=\"M2 0a2 2 0 0 0-2 2v2h1.5V2a.5.5 0 0 1 .5-.5h2V0H2Zm2 10.5H2a.5.5 0 0 1-.5-.5V8H0v2a2 2 0 0 0 2 2h2v-1.5ZM8 12v-1.5h2a.5.5 0 0 0 .5-.5V8H12v2a2 2 0 0 1-2 2H8Zm2-12a2 2 0 0 1 2 2v2h-1.5V2a.5.5 0 0 0-.5-.5H8V0h2Z\" \/>\n\t\t\t<\/svg>\n\t\t<\/button><\/figure>\n\n\n\n<figure data-wp-context=\"{&quot;imageId&quot;:&quot;69e448be9732d&quot;}\" data-wp-interactive=\"core\/image\" class=\"wp-block-image size-large wp-lightbox-container\"><img loading=\"lazy\" decoding=\"async\" width=\"1024\" height=\"1024\" data-wp-class--hide=\"state.isContentHidden\" data-wp-class--show=\"state.isContentVisible\" data-wp-init=\"callbacks.setButtonStyles\" data-wp-on-async--click=\"actions.showLightbox\" data-wp-on-async--load=\"callbacks.setButtonStyles\" data-wp-on-async-window--resize=\"callbacks.setButtonStyles\" data-id=\"778\" src=\"https:\/\/sarahho.fr\/wp-content\/uploads\/2025\/02\/POST_03_05-1024x1024.jpg\" alt=\"\" class=\"wp-image-778\" srcset=\"https:\/\/sarahho.fr\/wp-content\/uploads\/2025\/02\/POST_03_05-1024x1024.jpg 1024w, https:\/\/sarahho.fr\/wp-content\/uploads\/2025\/02\/POST_03_05-300x300.jpg 300w, https:\/\/sarahho.fr\/wp-content\/uploads\/2025\/02\/POST_03_05-150x150.jpg 150w, https:\/\/sarahho.fr\/wp-content\/uploads\/2025\/02\/POST_03_05-768x768.jpg 768w, https:\/\/sarahho.fr\/wp-content\/uploads\/2025\/02\/POST_03_05-600x600.jpg 600w, https:\/\/sarahho.fr\/wp-content\/uploads\/2025\/02\/POST_03_05-100x100.jpg 100w, https:\/\/sarahho.fr\/wp-content\/uploads\/2025\/02\/POST_03_05.jpg 1080w\" sizes=\"auto, (max-width: 1024px) 100vw, 1024px\" \/><button\n\t\t\tclass=\"lightbox-trigger\"\n\t\t\ttype=\"button\"\n\t\t\taria-haspopup=\"dialog\"\n\t\t\taria-label=\"Agrandir l\u2018image\"\n\t\t\tdata-wp-init=\"callbacks.initTriggerButton\"\n\t\t\tdata-wp-on-async--click=\"actions.showLightbox\"\n\t\t\tdata-wp-style--right=\"state.imageButtonRight\"\n\t\t\tdata-wp-style--top=\"state.imageButtonTop\"\n\t\t>\n\t\t\t<svg xmlns=\"http:\/\/www.w3.org\/2000\/svg\" width=\"12\" height=\"12\" fill=\"none\" viewBox=\"0 0 12 12\">\n\t\t\t\t<path fill=\"#fff\" d=\"M2 0a2 2 0 0 0-2 2v2h1.5V2a.5.5 0 0 1 .5-.5h2V0H2Zm2 10.5H2a.5.5 0 0 1-.5-.5V8H0v2a2 2 0 0 0 2 2h2v-1.5ZM8 12v-1.5h2a.5.5 0 0 0 .5-.5V8H12v2a2 2 0 0 1-2 2H8Zm2-12a2 2 0 0 1 2 2v2h-1.5V2a.5.5 0 0 0-.5-.5H8V0h2Z\" \/>\n\t\t\t<\/svg>\n\t\t<\/button><\/figure>\n\n\n\n<figure data-wp-context=\"{&quot;imageId&quot;:&quot;69e448be97786&quot;}\" data-wp-interactive=\"core\/image\" class=\"wp-block-image size-large wp-lightbox-container\"><img loading=\"lazy\" decoding=\"async\" width=\"1024\" height=\"1024\" data-wp-class--hide=\"state.isContentHidden\" data-wp-class--show=\"state.isContentVisible\" data-wp-init=\"callbacks.setButtonStyles\" data-wp-on-async--click=\"actions.showLightbox\" data-wp-on-async--load=\"callbacks.setButtonStyles\" data-wp-on-async-window--resize=\"callbacks.setButtonStyles\" data-id=\"779\" src=\"https:\/\/sarahho.fr\/wp-content\/uploads\/2025\/02\/POST_03_06-1024x1024.jpg\" alt=\"\" class=\"wp-image-779\" srcset=\"https:\/\/sarahho.fr\/wp-content\/uploads\/2025\/02\/POST_03_06-1024x1024.jpg 1024w, https:\/\/sarahho.fr\/wp-content\/uploads\/2025\/02\/POST_03_06-300x300.jpg 300w, https:\/\/sarahho.fr\/wp-content\/uploads\/2025\/02\/POST_03_06-150x150.jpg 150w, https:\/\/sarahho.fr\/wp-content\/uploads\/2025\/02\/POST_03_06-768x768.jpg 768w, https:\/\/sarahho.fr\/wp-content\/uploads\/2025\/02\/POST_03_06-600x600.jpg 600w, https:\/\/sarahho.fr\/wp-content\/uploads\/2025\/02\/POST_03_06-100x100.jpg 100w, https:\/\/sarahho.fr\/wp-content\/uploads\/2025\/02\/POST_03_06.jpg 1080w\" sizes=\"auto, (max-width: 1024px) 100vw, 1024px\" \/><button\n\t\t\tclass=\"lightbox-trigger\"\n\t\t\ttype=\"button\"\n\t\t\taria-haspopup=\"dialog\"\n\t\t\taria-label=\"Agrandir l\u2018image\"\n\t\t\tdata-wp-init=\"callbacks.initTriggerButton\"\n\t\t\tdata-wp-on-async--click=\"actions.showLightbox\"\n\t\t\tdata-wp-style--right=\"state.imageButtonRight\"\n\t\t\tdata-wp-style--top=\"state.imageButtonTop\"\n\t\t>\n\t\t\t<svg xmlns=\"http:\/\/www.w3.org\/2000\/svg\" width=\"12\" height=\"12\" fill=\"none\" viewBox=\"0 0 12 12\">\n\t\t\t\t<path fill=\"#fff\" d=\"M2 0a2 2 0 0 0-2 2v2h1.5V2a.5.5 0 0 1 .5-.5h2V0H2Zm2 10.5H2a.5.5 0 0 1-.5-.5V8H0v2a2 2 0 0 0 2 2h2v-1.5ZM8 12v-1.5h2a.5.5 0 0 0 .5-.5V8H12v2a2 2 0 0 1-2 2H8Zm2-12a2 2 0 0 1 2 2v2h-1.5V2a.5.5 0 0 0-.5-.5H8V0h2Z\" \/>\n\t\t\t<\/svg>\n\t\t<\/button><\/figure>\n<\/figure>\n","protected":false},"excerpt":{"rendered":"<p>Les jeux de cartes ont une chose en commun avec les tapis: ils n\u2019ont pas de sens de lecture. Ce portfolio con\u00e7u par l&rsquo;atelier Santos Lemarchand, pr\u00e9sente des pi\u00e8ces sous forme de cartes \u00e0 jouer \u2660\u2665\u2666\u2663 Ce format \u2014 qui tient \u00e0 la fois dans la main, et se d\u00e9ploie aussi bien dans l&rsquo;espace \u2014 [&hellip;]<\/p>\n","protected":false},"author":1,"featured_media":0,"parent":0,"menu_order":0,"comment_status":"closed","ping_status":"closed","template":"","meta":{"footnotes":""},"class_list":["post-769","page","type-page","status-publish","hentry"],"_links":{"self":[{"href":"https:\/\/sarahho.fr\/index.php\/wp-json\/wp\/v2\/pages\/769","targetHints":{"allow":["GET"]}}],"collection":[{"href":"https:\/\/sarahho.fr\/index.php\/wp-json\/wp\/v2\/pages"}],"about":[{"href":"https:\/\/sarahho.fr\/index.php\/wp-json\/wp\/v2\/types\/page"}],"author":[{"embeddable":true,"href":"https:\/\/sarahho.fr\/index.php\/wp-json\/wp\/v2\/users\/1"}],"replies":[{"embeddable":true,"href":"https:\/\/sarahho.fr\/index.php\/wp-json\/wp\/v2\/comments?post=769"}],"version-history":[{"count":1,"href":"https:\/\/sarahho.fr\/index.php\/wp-json\/wp\/v2\/pages\/769\/revisions"}],"predecessor-version":[{"id":780,"href":"https:\/\/sarahho.fr\/index.php\/wp-json\/wp\/v2\/pages\/769\/revisions\/780"}],"wp:attachment":[{"href":"https:\/\/sarahho.fr\/index.php\/wp-json\/wp\/v2\/media?parent=769"}],"curies":[{"name":"wp","href":"https:\/\/api.w.org\/{rel}","templated":true}]}}